{"id":99,"date":"2022-04-25T08:38:10","date_gmt":"2022-04-25T08:38:10","guid":{"rendered":"https:\/\/demo.bravisthemes.com\/decision\/?page_id=99"},"modified":"2022-04-25T08:38:10","modified_gmt":"2022-04-25T08:38:10","slug":"blog-grid-sidebar","status":"publish","type":"page","link":"https:\/\/www.practical-nobel.212-227-170-25.plesk.page\/?page_id=99","title":{"rendered":"Blog Grid Sidebar"},"content":{"rendered":"\t\t<div data-elementor-type=\"wp-page\" data-elementor-id=\"99\" class=\"elementor elementor-99\" data-elementor-post-type=\"page\">\n\t\t\t\t        <section class=\"elementor-section elementor-top-section elementor-element elementor-element-b8fe3ab elementor-section-boxed elementor-section-height-default elementor-section-height-default ct-header-fixed-none ct-column-none ct-row-scroll-none\" data-id=\"b8fe3ab\" data-element_type=\"section\">\n            \n                        <div class=\"elementor-container elementor-column-gap-default \">\n                    <div class=\"elementor-column elementor-col-100 elementor-top-column elementor-element elementor-element-c805e68 ct-column-none col-offset-none\" data-id=\"c805e68\" data-element_type=\"column\">\n        <div class=\"elementor-widget-wrap elementor-element-populated\">\n                    \n        \t\t<div class=\"elementor-element elementor-element-88db132 elementor-widget elementor-widget-ct_blog_grid\" data-id=\"88db132\" data-element_type=\"widget\" data-widget_type=\"ct_blog_grid.default\">\n\t\t\t\t<div class=\"elementor-widget-container\">\n\t\t\t\t\t\r\n<div id=\"ct_blog_grid-88db132\" class=\"ct-grid ct-blog-grid ct-blog-grid-layout1\" data-layout=\"masonry\" data-start-page=\"1\" data-max-pages=\"32\" data-total=\"189\" data-perpage=\"6\" data-next-link=\"https:\/\/www.practical-nobel.212-227-170-25.plesk.page\/index.php?rest_route=%2Fwp%2Fv2%2Fpages%2F99&#038;paged=2\">\r\n    \r\n    <div class=\"ct-grid-inner ct-grid-masonry row animate-time\" data-gutter=\"15\">\r\n                        <div class=\"grid-item col-xl-6 col-lg-12 col-md-6 col-sm-12 col-12 all\">\r\n                    <div class=\"grid-item-inner \" data-wow-duration=\"1.2s\">\r\n                                                    <div class=\"item--featured\">\r\n                                <a href=\"https:\/\/www.practical-nobel.212-227-170-25.plesk.page\/?p=19763\"><img fetchpriority=\"high\" decoding=\"async\" class=\"no-lazyload \" src=\"https:\/\/www.practical-nobel.212-227-170-25.plesk.page\/wp-content\/uploads\/2021\/09\/acturh_index_egalite_femmes_hommes-420x275.png\" width=\"420\" height=\"275\" alt=\"acturh_index_egalite_femmes_hommes\" title=\"acturh_index_egalite_femmes_hommes\" \/><\/a>\r\n                                                                    <div class=\"item--category\">\r\n                                        <a href=\"https:\/\/www.practical-nobel.212-227-170-25.plesk.page\/?cat=50\" rel=\"tag\">Tous<\/a>                                    <\/div>\r\n                                                            <\/div>\r\n                        \r\n                        <div class=\"item--holder\">\r\n                                                            <ul class=\"item--meta ct-item-meta\">\r\n                                                                            <li class=\"item-author\">\r\n                                            By&nbsp;<a\r\n                                                    href=\"https:\/\/www.practical-nobel.212-227-170-25.plesk.page\/?author=1\">admin<\/a>\r\n                                        <\/li>\r\n                                                                                                                <li class=\"item-date\">\r\n                                            f\u00e9vrier 18, 2025                                        <\/li>\r\n                                                                    <\/ul>\r\n                                                        <h3 class=\"item--title\"><a\r\n                                        href=\"https:\/\/www.practical-nobel.212-227-170-25.plesk.page\/?p=19763\">Publication Index \u00e9galit\u00e9 F\/H 2025 Excen Gardanne<\/a>\r\n                            <\/h3>\r\n                                                            <div class=\"item--content\">\r\n                                                                    <\/div>\r\n                                                                                        <div class=\"item--readmore\">\r\n                                    <a class=\"\" href=\"https:\/\/www.practical-nobel.212-227-170-25.plesk.page\/?p=19763\">\r\n                                    <span>Read more<\/span>\r\n                                    <\/a>\r\n                                <\/div>\r\n                                                    <\/div>\r\n                    <\/div>\r\n                <\/div>\r\n                            <div class=\"grid-item col-xl-6 col-lg-12 col-md-6 col-sm-12 col-12 all\">\r\n                    <div class=\"grid-item-inner \" data-wow-duration=\"1.2s\">\r\n                                                    <div class=\"item--featured\">\r\n                                <a href=\"https:\/\/www.practical-nobel.212-227-170-25.plesk.page\/?p=19336\"><img decoding=\"async\" class=\"no-lazyload \" src=\"https:\/\/www.practical-nobel.212-227-170-25.plesk.page\/wp-content\/uploads\/2025\/02\/LOI-DE-FINANCES-2025--420x275.png\" width=\"420\" height=\"275\" alt=\"LOI DE FINANCES 2025\" title=\"LOI DE FINANCES 2025\" \/><\/a>\r\n                                                                    <div class=\"item--category\">\r\n                                        <a href=\"https:\/\/www.practical-nobel.212-227-170-25.plesk.page\/?cat=50\" rel=\"tag\">Tous<\/a>                                    <\/div>\r\n                                                            <\/div>\r\n                        \r\n                        <div class=\"item--holder\">\r\n                                                            <ul class=\"item--meta ct-item-meta\">\r\n                                                                            <li class=\"item-author\">\r\n                                            By&nbsp;<a\r\n                                                    href=\"https:\/\/www.practical-nobel.212-227-170-25.plesk.page\/?author=1\">admin<\/a>\r\n                                        <\/li>\r\n                                                                                                                <li class=\"item-date\">\r\n                                            f\u00e9vrier 6, 2025                                        <\/li>\r\n                                                                    <\/ul>\r\n                                                        <h3 class=\"item--title\"><a\r\n                                        href=\"https:\/\/www.practical-nobel.212-227-170-25.plesk.page\/?p=19336\">LES PRINCIPALES MESURES FISCALES DE LA LOI DE FINANCES POUR 2025<\/a>\r\n                            <\/h3>\r\n                                                            <div class=\"item--content\">\r\n                                                                    <\/div>\r\n                                                                                        <div class=\"item--readmore\">\r\n                                    <a class=\"\" href=\"https:\/\/www.practical-nobel.212-227-170-25.plesk.page\/?p=19336\">\r\n                                    <span>Read more<\/span>\r\n                                    <\/a>\r\n                                <\/div>\r\n                                                    <\/div>\r\n                    <\/div>\r\n                <\/div>\r\n                            <div class=\"grid-item col-xl-6 col-lg-12 col-md-6 col-sm-12 col-12 all\">\r\n                    <div class=\"grid-item-inner \" data-wow-duration=\"1.2s\">\r\n                                                    <div class=\"item--featured\">\r\n                                <a href=\"https:\/\/www.practical-nobel.212-227-170-25.plesk.page\/?p=17598\"><img decoding=\"async\" class=\"no-lazyload \" src=\"https:\/\/www.practical-nobel.212-227-170-25.plesk.page\/wp-content\/uploads\/2024\/12\/SOCIETE-CIVILE-420x275.jpg\" width=\"420\" height=\"275\" alt=\"SOCIETE CIVILE\" title=\"SOCIETE CIVILE\" \/><\/a>\r\n                                                                    <div class=\"item--category\">\r\n                                        <a href=\"https:\/\/www.practical-nobel.212-227-170-25.plesk.page\/?cat=50\" rel=\"tag\">Tous<\/a>                                    <\/div>\r\n                                                            <\/div>\r\n                        \r\n                        <div class=\"item--holder\">\r\n                                                            <ul class=\"item--meta ct-item-meta\">\r\n                                                                            <li class=\"item-author\">\r\n                                            By&nbsp;<a\r\n                                                    href=\"https:\/\/www.practical-nobel.212-227-170-25.plesk.page\/?author=1\">admin<\/a>\r\n                                        <\/li>\r\n                                                                                                                <li class=\"item-date\">\r\n                                            d\u00e9cembre 16, 2024                                        <\/li>\r\n                                                                    <\/ul>\r\n                                                        <h3 class=\"item--title\"><a\r\n                                        href=\"https:\/\/www.practical-nobel.212-227-170-25.plesk.page\/?p=17598\">Soci\u00e9t\u00e9 civile : op\u00e9rations d&#8217;achat-revente<\/a>\r\n                            <\/h3>\r\n                                                            <div class=\"item--content\">\r\n                                                                    <\/div>\r\n                                                                                        <div class=\"item--readmore\">\r\n                                    <a class=\"\" href=\"https:\/\/www.practical-nobel.212-227-170-25.plesk.page\/?p=17598\">\r\n                                    <span>Read more<\/span>\r\n                                    <\/a>\r\n                                <\/div>\r\n                                                    <\/div>\r\n                    <\/div>\r\n                <\/div>\r\n                            <div class=\"grid-item col-xl-6 col-lg-12 col-md-6 col-sm-12 col-12 all\">\r\n                    <div class=\"grid-item-inner \" data-wow-duration=\"1.2s\">\r\n                                                    <div class=\"item--featured\">\r\n                                <a href=\"https:\/\/www.practical-nobel.212-227-170-25.plesk.page\/?p=16406\"><img loading=\"lazy\" decoding=\"async\" class=\"no-lazyload \" src=\"https:\/\/www.practical-nobel.212-227-170-25.plesk.page\/wp-content\/uploads\/2024\/10\/hand-placing-wooden-block-represent-growth-scaled-1-420x275.jpg\" width=\"420\" height=\"275\" alt=\"L&#039;enrichissement sans cause ne peut \u00eatre \u00e9tudi\u00e9 \u00e0 titre subsidiaire.\" title=\"hand-placing-wooden-block-represent-growth\" \/><\/a>\r\n                                                                    <div class=\"item--category\">\r\n                                        <a href=\"https:\/\/www.practical-nobel.212-227-170-25.plesk.page\/?cat=50\" rel=\"tag\">Tous<\/a>                                    <\/div>\r\n                                                            <\/div>\r\n                        \r\n                        <div class=\"item--holder\">\r\n                                                            <ul class=\"item--meta ct-item-meta\">\r\n                                                                            <li class=\"item-author\">\r\n                                            By&nbsp;<a\r\n                                                    href=\"https:\/\/www.practical-nobel.212-227-170-25.plesk.page\/?author=1\">admin<\/a>\r\n                                        <\/li>\r\n                                                                                                                <li class=\"item-date\">\r\n                                            octobre 28, 2024                                        <\/li>\r\n                                                                    <\/ul>\r\n                                                        <h3 class=\"item--title\"><a\r\n                                        href=\"https:\/\/www.practical-nobel.212-227-170-25.plesk.page\/?p=16406\">L&#8217;enrichissement sans cause ne peut \u00eatre \u00e9tudi\u00e9 \u00e0 titre subsidiaire<\/a>\r\n                            <\/h3>\r\n                                                            <div class=\"item--content\">\r\n                                    L'enrichissement sans cause ne peut \u00eatre \u00e9tudi\u00e9 \u00e0 titre subsidiaire                                <\/div>\r\n                                                                                        <div class=\"item--readmore\">\r\n                                    <a class=\"\" href=\"https:\/\/www.practical-nobel.212-227-170-25.plesk.page\/?p=16406\">\r\n                                    <span>Read more<\/span>\r\n                                    <\/a>\r\n                                <\/div>\r\n                                                    <\/div>\r\n                    <\/div>\r\n                <\/div>\r\n                            <div class=\"grid-item col-xl-6 col-lg-12 col-md-6 col-sm-12 col-12 articles\">\r\n                    <div class=\"grid-item-inner \" data-wow-duration=\"1.2s\">\r\n                                                    <div class=\"item--featured\">\r\n                                <a href=\"https:\/\/www.practical-nobel.212-227-170-25.plesk.page\/?p=20040\"><img loading=\"lazy\" decoding=\"async\" class=\"no-lazyload \" src=\"https:\/\/www.practical-nobel.212-227-170-25.plesk.page\/wp-content\/uploads\/2024\/10\/adoption-5-.jpg-BrfMJY-420x275.jpeg\" width=\"420\" height=\"275\" alt=\"Reconnaissance de la GPA \u00e9trang\u00e8re : rappel des conditions strictes pour obtenir l\u2019exequatur en France\" title=\"Reconnaissance de la GPA \u00e9trang\u00e8re : rappel des conditions strictes pour obtenir l\u2019exequatur en France\" \/><\/a>\r\n                                                                    <div class=\"item--category\">\r\n                                        <a href=\"https:\/\/www.practical-nobel.212-227-170-25.plesk.page\/?cat=1\" rel=\"tag\">Articles<\/a>                                    <\/div>\r\n                                                            <\/div>\r\n                        \r\n                        <div class=\"item--holder\">\r\n                                                            <ul class=\"item--meta ct-item-meta\">\r\n                                                                            <li class=\"item-author\">\r\n                                            By&nbsp;<a\r\n                                                    href=\"https:\/\/www.practical-nobel.212-227-170-25.plesk.page\/?author=1\">admin<\/a>\r\n                                        <\/li>\r\n                                                                                                                <li class=\"item-date\">\r\n                                            octobre 16, 2024                                        <\/li>\r\n                                                                    <\/ul>\r\n                                                        <h3 class=\"item--title\"><a\r\n                                        href=\"https:\/\/www.practical-nobel.212-227-170-25.plesk.page\/?p=20040\">Reconnaissance de la GPA \u00e9trang\u00e8re : rappel des conditions strictes pour obtenir l\u2019exequatur en France<\/a>\r\n                            <\/h3>\r\n                                                            <div class=\"item--content\">\r\n                                                                    <\/div>\r\n                                                                                        <div class=\"item--readmore\">\r\n                                    <a class=\"\" href=\"https:\/\/www.practical-nobel.212-227-170-25.plesk.page\/?p=20040\">\r\n                                    <span>Read more<\/span>\r\n                                    <\/a>\r\n                                <\/div>\r\n                                                    <\/div>\r\n                    <\/div>\r\n                <\/div>\r\n                            <div class=\"grid-item col-xl-6 col-lg-12 col-md-6 col-sm-12 col-12 articles\">\r\n                    <div class=\"grid-item-inner \" data-wow-duration=\"1.2s\">\r\n                                                    <div class=\"item--featured\">\r\n                                <a href=\"https:\/\/www.practical-nobel.212-227-170-25.plesk.page\/?p=16285\"><img loading=\"lazy\" decoding=\"async\" class=\"no-lazyload \" src=\"https:\/\/www.practical-nobel.212-227-170-25.plesk.page\/wp-content\/uploads\/2024\/10\/immobilier-7-.jpg-67039d039cadd-1X0aSO-420x275.jpeg\" width=\"420\" height=\"275\" alt=\"Les dividendes issus de la vente de tous les actifs immobiliers d&#039;une SCI vont au nu-propri\u00e9taire\" title=\"Les dividendes issus de la vente de tous les actifs immobiliers d&#039;une SCI vont au nu-propri\u00e9taire\" \/><\/a>\r\n                                                                    <div class=\"item--category\">\r\n                                        <a href=\"https:\/\/www.practical-nobel.212-227-170-25.plesk.page\/?cat=1\" rel=\"tag\">Articles<\/a>                                    <\/div>\r\n                                                            <\/div>\r\n                        \r\n                        <div class=\"item--holder\">\r\n                                                            <ul class=\"item--meta ct-item-meta\">\r\n                                                                            <li class=\"item-author\">\r\n                                            By&nbsp;<a\r\n                                                    href=\"https:\/\/www.practical-nobel.212-227-170-25.plesk.page\/?author=1\">admin<\/a>\r\n                                        <\/li>\r\n                                                                                                                <li class=\"item-date\">\r\n                                            octobre 11, 2024                                        <\/li>\r\n                                                                    <\/ul>\r\n                                                        <h3 class=\"item--title\"><a\r\n                                        href=\"https:\/\/www.practical-nobel.212-227-170-25.plesk.page\/?p=16285\">Les dividendes issus de la vente de tous les actifs immobiliers d&#8217;une SCI vont au nu-propri\u00e9taire<\/a>\r\n                            <\/h3>\r\n                                                            <div class=\"item--content\">\r\n                                                                    <\/div>\r\n                                                                                        <div class=\"item--readmore\">\r\n                                    <a class=\"\" href=\"https:\/\/www.practical-nobel.212-227-170-25.plesk.page\/?p=16285\">\r\n                                    <span>Read more<\/span>\r\n                                    <\/a>\r\n                                <\/div>\r\n                                                    <\/div>\r\n                    <\/div>\r\n                <\/div>\r\n                                <div class=\"grid-sizer col-xl-6 col-lg-12 col-md-6 col-sm-12 col-12\"><\/div>\r\n            <\/div>\r\n        <\/div>\t\t\t\t<\/div>\n\t\t\t\t<\/div>\n\t\t            <\/div>\n        <\/div>\n                    <\/div>\n        <\/section>\n        \t\t<\/div>\n\t\t","protected":false},"excerpt":{"rendered":"<p>Audit &amp; Evaluation Business By&nbsp;Christine Blaine December 8, 2022 What you must know about financial law changes Lorem ipsum dolor sit amet, consectetur adipiscing elit, sed do eiusmod tempor incididunt ut labore et&hellip; Read more Audit &amp; Evaluation Legal By&nbsp;Christine Blaine November 8, 2022 Keep away from drugs, the penalty is 20 years In addition [&hellip;]<\/p>\n","protected":false},"author":1,"featured_media":0,"parent":0,"menu_order":0,"comment_status":"closed","ping_status":"closed","template":"","meta":{"_acf_changed":false,"footnotes":""},"office":[],"class_list":["post-99","page","type-page","status-publish","hentry"],"acf":[],"_links":{"self":[{"href":"https:\/\/www.practical-nobel.212-227-170-25.plesk.page\/index.php?rest_route=\/wp\/v2\/pages\/99","targetHints":{"allow":["GET"]}}],"collection":[{"href":"https:\/\/www.practical-nobel.212-227-170-25.plesk.page\/index.php?rest_route=\/wp\/v2\/pages"}],"about":[{"href":"https:\/\/www.practical-nobel.212-227-170-25.plesk.page\/index.php?rest_route=\/wp\/v2\/types\/page"}],"author":[{"embeddable":true,"href":"https:\/\/www.practical-nobel.212-227-170-25.plesk.page\/index.php?rest_route=\/wp\/v2\/users\/1"}],"replies":[{"embeddable":true,"href":"https:\/\/www.practical-nobel.212-227-170-25.plesk.page\/index.php?rest_route=%2Fwp%2Fv2%2Fcomments&post=99"}],"version-history":[{"count":0,"href":"https:\/\/www.practical-nobel.212-227-170-25.plesk.page\/index.php?rest_route=\/wp\/v2\/pages\/99\/revisions"}],"wp:attachment":[{"href":"https:\/\/www.practical-nobel.212-227-170-25.plesk.page\/index.php?rest_route=%2Fwp%2Fv2%2Fmedia&parent=99"}],"wp:term":[{"taxonomy":"office","embeddable":true,"href":"https:\/\/www.practical-nobel.212-227-170-25.plesk.page\/index.php?rest_route=%2Fwp%2Fv2%2Foffice&post=99"}],"curies":[{"name":"wp","href":"https:\/\/api.w.org\/{rel}","templated":true}]}}