{"id":96,"date":"2022-04-25T08:37:39","date_gmt":"2022-04-25T08:37:39","guid":{"rendered":"https:\/\/demo.bravisthemes.com\/decision\/?page_id=96"},"modified":"2025-02-26T08:26:57","modified_gmt":"2025-02-26T08:26:57","slug":"blog-grid","status":"publish","type":"page","link":"https:\/\/www.practical-nobel.212-227-170-25.plesk.page\/?page_id=96","title":{"rendered":"Blog Grid"},"content":{"rendered":"\t\t<div data-elementor-type=\"wp-page\" data-elementor-id=\"96\" class=\"elementor elementor-96\" data-elementor-post-type=\"page\">\n\t\t\t\t        <section class=\"elementor-section elementor-top-section elementor-element elementor-element-759172b elementor-section-stretched elementor-section-boxed elementor-section-height-default elementor-section-height-default ct-header-fixed-none ct-column-none ct-row-scroll-none\" data-id=\"759172b\" data-element_type=\"section\" data-settings=\"{&quot;stretch_section&quot;:&quot;section-stretched&quot;}\">\n            \n                        <div class=\"elementor-container elementor-column-gap-extended \">\n                    <div class=\"elementor-column elementor-col-100 elementor-top-column elementor-element elementor-element-97b0f29 ct-column-none col-offset-none\" data-id=\"97b0f29\" data-element_type=\"column\">\n        <div class=\"elementor-widget-wrap elementor-element-populated\">\n                    \n                <section class=\"elementor-section elementor-inner-section elementor-element elementor-element-fb4e253 elementor-section-boxed elementor-section-height-default elementor-section-height-default ct-header-fixed-none ct-column-none ct-row-scroll-none\" data-id=\"fb4e253\" data-element_type=\"section\">\n            \n                        <div class=\"elementor-container elementor-column-gap-default \">\n                    <div class=\"elementor-column elementor-col-50 elementor-inner-column elementor-element elementor-element-c1bda6c ct-column-none col-offset-none\" data-id=\"c1bda6c\" data-element_type=\"column\">\n        <div class=\"elementor-widget-wrap elementor-element-populated\">\n                    \n        \t\t<div class=\"elementor-element elementor-element-1f4abfa elementor-widget elementor-widget-ct_heading\" data-id=\"1f4abfa\" data-element_type=\"widget\" data-widget_type=\"ct_heading.default\">\n\t\t\t\t<div class=\"elementor-widget-container\">\n\t\t\t\t\t<div class=\"ct-heading h-align- item-style1\">\r\n\t\t\t<div class=\"item--sub-title style1\">\r\n            <span>\r\n                                blog            <\/span>\r\n        <\/div>\r\n\t    <h3 class=\"item--title case-animate-time style1 \" data-wow-delay=\"ms\">\r\n        <span>Conseils et actualit\u00e9s. <\/span>    <\/h3>\r\n<\/div>\r\n\r\n\t\t\t\t<\/div>\n\t\t\t\t<\/div>\n\t\t            <\/div>\n        <\/div>\n                <div class=\"elementor-column elementor-col-50 elementor-inner-column elementor-element elementor-element-28e75a2 ct-column-none col-offset-none\" data-id=\"28e75a2\" data-element_type=\"column\">\n        <div class=\"elementor-widget-wrap elementor-element-populated\">\n                    \n        \t\t<div class=\"elementor-element elementor-element-af83b9f elementor-widget__width-initial elementor-widget elementor-widget-ct_text_editor\" data-id=\"af83b9f\" data-element_type=\"widget\" data-widget_type=\"ct_text_editor.default\">\n\t\t\t\t<div class=\"elementor-widget-container\">\n\t\t\t\t\t<div id=\"ct_text_editor-af83b9f\" class=\"ct-text-editor style1 \" data-wow-delay=\"ms\">\n\t<div class=\"ct-inline-css\"  data-css=\"\n\t\t\">\n\n\t<\/div>\n\t<div class=\"ct-text-editor elementor-clearfix\">\n\t\t<p>d\u00e9couvrez toutes nos<a class=\"nav-link w--current open\" href=\"https:\/\/excen.notaires.fr\/conseils-actualites\/\" style=\"letter-spacing: 0px\">Conseils et actualit\u00e9s<\/a>li\u00e9es au domaine du notariat<\/p>\t\t\n\t<\/div>\n<\/div>\t\t\t\t<\/div>\n\t\t\t\t<\/div>\n\t\t            <\/div>\n        <\/div>\n                    <\/div>\n        <\/section>\n        \t\t<div class=\"elementor-element elementor-element-2ce225f elementor-widget elementor-widget-ct_blog_grid\" data-id=\"2ce225f\" data-element_type=\"widget\" data-widget_type=\"ct_blog_grid.default\">\n\t\t\t\t<div class=\"elementor-widget-container\">\n\t\t\t\t\t\r\n<div id=\"ct_blog_grid-2ce225f\" class=\"ct-grid ct-blog-grid ct-blog-grid-layout1\" data-layout=\"masonry\" data-start-page=\"1\" data-max-pages=\"32\" data-total=\"189\" data-perpage=\"6\" data-next-link=\"https:\/\/www.practical-nobel.212-227-170-25.plesk.page\/index.php?rest_route=%2Fwp%2Fv2%2Fpages%2F96&#038;paged=2\">\r\n    \r\n    <div class=\"ct-grid-inner ct-grid-masonry row animate-time\" data-gutter=\"15\">\r\n                        <div class=\"grid-item col-xl-4 col-lg-4 col-md-6 col-sm-6 col-12 all\">\r\n                    <div class=\"grid-item-inner \" data-wow-duration=\"1.2s\">\r\n                                                    <div class=\"item--featured\">\r\n                                <a href=\"https:\/\/www.practical-nobel.212-227-170-25.plesk.page\/?p=19763\"><img fetchpriority=\"high\" decoding=\"async\" class=\"no-lazyload \" src=\"https:\/\/www.practical-nobel.212-227-170-25.plesk.page\/wp-content\/uploads\/2021\/09\/acturh_index_egalite_femmes_hommes-420x275.png\" width=\"420\" height=\"275\" alt=\"acturh_index_egalite_femmes_hommes\" title=\"acturh_index_egalite_femmes_hommes\" \/><\/a>\r\n                                                                    <div class=\"item--category\">\r\n                                        <a href=\"https:\/\/www.practical-nobel.212-227-170-25.plesk.page\/?cat=50\" rel=\"tag\">Tous<\/a>                                    <\/div>\r\n                                                            <\/div>\r\n                        \r\n                        <div class=\"item--holder\">\r\n                                                            <ul class=\"item--meta ct-item-meta\">\r\n                                                                            <li class=\"item-author\">\r\n                                            By&nbsp;<a\r\n                                                    href=\"https:\/\/www.practical-nobel.212-227-170-25.plesk.page\/?author=1\">admin<\/a>\r\n                                        <\/li>\r\n                                                                                                                <li class=\"item-date\">\r\n                                            f\u00e9vrier 18, 2025                                        <\/li>\r\n                                                                    <\/ul>\r\n                                                        <h3 class=\"item--title\"><a\r\n                                        href=\"https:\/\/www.practical-nobel.212-227-170-25.plesk.page\/?p=19763\">Publication Index \u00e9galit\u00e9 F\/H 2025 Excen Gardanne<\/a>\r\n                            <\/h3>\r\n                                                            <div class=\"item--content\">\r\n                                                                    <\/div>\r\n                                                                                        <div class=\"item--readmore\">\r\n                                    <a class=\"\" href=\"https:\/\/www.practical-nobel.212-227-170-25.plesk.page\/?p=19763\">\r\n                                    <span>Read more<\/span>\r\n                                    <\/a>\r\n                                <\/div>\r\n                                                    <\/div>\r\n                    <\/div>\r\n                <\/div>\r\n                            <div class=\"grid-item col-xl-4 col-lg-4 col-md-6 col-sm-6 col-12 all\">\r\n                    <div class=\"grid-item-inner \" data-wow-duration=\"1.2s\">\r\n                                                    <div class=\"item--featured\">\r\n                                <a href=\"https:\/\/www.practical-nobel.212-227-170-25.plesk.page\/?p=19336\"><img decoding=\"async\" class=\"no-lazyload \" src=\"https:\/\/www.practical-nobel.212-227-170-25.plesk.page\/wp-content\/uploads\/2025\/02\/LOI-DE-FINANCES-2025--420x275.png\" width=\"420\" height=\"275\" alt=\"LOI DE FINANCES 2025\" title=\"LOI DE FINANCES 2025\" \/><\/a>\r\n                                                                    <div class=\"item--category\">\r\n                                        <a href=\"https:\/\/www.practical-nobel.212-227-170-25.plesk.page\/?cat=50\" rel=\"tag\">Tous<\/a>                                    <\/div>\r\n                                                            <\/div>\r\n                        \r\n                        <div class=\"item--holder\">\r\n                                                            <ul class=\"item--meta ct-item-meta\">\r\n                                                                            <li class=\"item-author\">\r\n                                            By&nbsp;<a\r\n                                                    href=\"https:\/\/www.practical-nobel.212-227-170-25.plesk.page\/?author=1\">admin<\/a>\r\n                                        <\/li>\r\n                                                                                                                <li class=\"item-date\">\r\n                                            f\u00e9vrier 6, 2025                                        <\/li>\r\n                                                                    <\/ul>\r\n                                                        <h3 class=\"item--title\"><a\r\n                                        href=\"https:\/\/www.practical-nobel.212-227-170-25.plesk.page\/?p=19336\">LES PRINCIPALES MESURES FISCALES DE LA LOI DE FINANCES POUR 2025<\/a>\r\n                            <\/h3>\r\n                                                            <div class=\"item--content\">\r\n                                                                    <\/div>\r\n                                                                                        <div class=\"item--readmore\">\r\n                                    <a class=\"\" href=\"https:\/\/www.practical-nobel.212-227-170-25.plesk.page\/?p=19336\">\r\n                                    <span>Read more<\/span>\r\n                                    <\/a>\r\n                                <\/div>\r\n                                                    <\/div>\r\n                    <\/div>\r\n                <\/div>\r\n                            <div class=\"grid-item col-xl-4 col-lg-4 col-md-6 col-sm-6 col-12 all\">\r\n                    <div class=\"grid-item-inner \" data-wow-duration=\"1.2s\">\r\n                                                    <div class=\"item--featured\">\r\n                                <a href=\"https:\/\/www.practical-nobel.212-227-170-25.plesk.page\/?p=17598\"><img decoding=\"async\" class=\"no-lazyload \" src=\"https:\/\/www.practical-nobel.212-227-170-25.plesk.page\/wp-content\/uploads\/2024\/12\/SOCIETE-CIVILE-420x275.jpg\" width=\"420\" height=\"275\" alt=\"SOCIETE CIVILE\" title=\"SOCIETE CIVILE\" \/><\/a>\r\n                                                                    <div class=\"item--category\">\r\n                                        <a href=\"https:\/\/www.practical-nobel.212-227-170-25.plesk.page\/?cat=50\" rel=\"tag\">Tous<\/a>                                    <\/div>\r\n                                                            <\/div>\r\n                        \r\n                        <div class=\"item--holder\">\r\n                                                            <ul class=\"item--meta ct-item-meta\">\r\n                                                                            <li class=\"item-author\">\r\n                                            By&nbsp;<a\r\n                                                    href=\"https:\/\/www.practical-nobel.212-227-170-25.plesk.page\/?author=1\">admin<\/a>\r\n                                        <\/li>\r\n                                                                                                                <li class=\"item-date\">\r\n                                            d\u00e9cembre 16, 2024                                        <\/li>\r\n                                                                    <\/ul>\r\n                                                        <h3 class=\"item--title\"><a\r\n                                        href=\"https:\/\/www.practical-nobel.212-227-170-25.plesk.page\/?p=17598\">Soci\u00e9t\u00e9 civile : op\u00e9rations d&#8217;achat-revente<\/a>\r\n                            <\/h3>\r\n                                                            <div class=\"item--content\">\r\n                                                                    <\/div>\r\n                                                                                        <div class=\"item--readmore\">\r\n                                    <a class=\"\" href=\"https:\/\/www.practical-nobel.212-227-170-25.plesk.page\/?p=17598\">\r\n                                    <span>Read more<\/span>\r\n                                    <\/a>\r\n                                <\/div>\r\n                                                    <\/div>\r\n                    <\/div>\r\n                <\/div>\r\n                            <div class=\"grid-item col-xl-4 col-lg-4 col-md-6 col-sm-6 col-12 all\">\r\n                    <div class=\"grid-item-inner \" data-wow-duration=\"1.2s\">\r\n                                                    <div class=\"item--featured\">\r\n                                <a href=\"https:\/\/www.practical-nobel.212-227-170-25.plesk.page\/?p=16406\"><img loading=\"lazy\" decoding=\"async\" class=\"no-lazyload \" src=\"https:\/\/www.practical-nobel.212-227-170-25.plesk.page\/wp-content\/uploads\/2024\/10\/hand-placing-wooden-block-represent-growth-scaled-1-420x275.jpg\" width=\"420\" height=\"275\" alt=\"L&#039;enrichissement sans cause ne peut \u00eatre \u00e9tudi\u00e9 \u00e0 titre subsidiaire.\" title=\"hand-placing-wooden-block-represent-growth\" \/><\/a>\r\n                                                                    <div class=\"item--category\">\r\n                                        <a href=\"https:\/\/www.practical-nobel.212-227-170-25.plesk.page\/?cat=50\" rel=\"tag\">Tous<\/a>                                    <\/div>\r\n                                                            <\/div>\r\n                        \r\n                        <div class=\"item--holder\">\r\n                                                            <ul class=\"item--meta ct-item-meta\">\r\n                                                                            <li class=\"item-author\">\r\n                                            By&nbsp;<a\r\n                                                    href=\"https:\/\/www.practical-nobel.212-227-170-25.plesk.page\/?author=1\">admin<\/a>\r\n                                        <\/li>\r\n                                                                                                                <li class=\"item-date\">\r\n                                            octobre 28, 2024                                        <\/li>\r\n                                                                    <\/ul>\r\n                                                        <h3 class=\"item--title\"><a\r\n                                        href=\"https:\/\/www.practical-nobel.212-227-170-25.plesk.page\/?p=16406\">L&#8217;enrichissement sans cause ne peut \u00eatre \u00e9tudi\u00e9 \u00e0 titre subsidiaire<\/a>\r\n                            <\/h3>\r\n                                                            <div class=\"item--content\">\r\n                                    L'enrichissement sans cause ne peut \u00eatre \u00e9tudi\u00e9 \u00e0 titre subsidiaire                                <\/div>\r\n                                                                                        <div class=\"item--readmore\">\r\n                                    <a class=\"\" href=\"https:\/\/www.practical-nobel.212-227-170-25.plesk.page\/?p=16406\">\r\n                                    <span>Read more<\/span>\r\n                                    <\/a>\r\n                                <\/div>\r\n                                                    <\/div>\r\n                    <\/div>\r\n                <\/div>\r\n                            <div class=\"grid-item col-xl-4 col-lg-4 col-md-6 col-sm-6 col-12 articles\">\r\n                    <div class=\"grid-item-inner \" data-wow-duration=\"1.2s\">\r\n                                                    <div class=\"item--featured\">\r\n                                <a href=\"https:\/\/www.practical-nobel.212-227-170-25.plesk.page\/?p=20040\"><img loading=\"lazy\" decoding=\"async\" class=\"no-lazyload \" src=\"https:\/\/www.practical-nobel.212-227-170-25.plesk.page\/wp-content\/uploads\/2024\/10\/adoption-5-.jpg-BrfMJY-420x275.jpeg\" width=\"420\" height=\"275\" alt=\"Reconnaissance de la GPA \u00e9trang\u00e8re : rappel des conditions strictes pour obtenir l\u2019exequatur en France\" title=\"Reconnaissance de la GPA \u00e9trang\u00e8re : rappel des conditions strictes pour obtenir l\u2019exequatur en France\" \/><\/a>\r\n                                                                    <div class=\"item--category\">\r\n                                        <a href=\"https:\/\/www.practical-nobel.212-227-170-25.plesk.page\/?cat=1\" rel=\"tag\">Articles<\/a>                                    <\/div>\r\n                                                            <\/div>\r\n                        \r\n                        <div class=\"item--holder\">\r\n                                                            <ul class=\"item--meta ct-item-meta\">\r\n                                                                            <li class=\"item-author\">\r\n                                            By&nbsp;<a\r\n                                                    href=\"https:\/\/www.practical-nobel.212-227-170-25.plesk.page\/?author=1\">admin<\/a>\r\n                                        <\/li>\r\n                                                                                                                <li class=\"item-date\">\r\n                                            octobre 16, 2024                                        <\/li>\r\n                                                                    <\/ul>\r\n                                                        <h3 class=\"item--title\"><a\r\n                                        href=\"https:\/\/www.practical-nobel.212-227-170-25.plesk.page\/?p=20040\">Reconnaissance de la GPA \u00e9trang\u00e8re : rappel des conditions strictes pour obtenir l\u2019exequatur en France<\/a>\r\n                            <\/h3>\r\n                                                            <div class=\"item--content\">\r\n                                                                    <\/div>\r\n                                                                                        <div class=\"item--readmore\">\r\n                                    <a class=\"\" href=\"https:\/\/www.practical-nobel.212-227-170-25.plesk.page\/?p=20040\">\r\n                                    <span>Read more<\/span>\r\n                                    <\/a>\r\n                                <\/div>\r\n                                                    <\/div>\r\n                    <\/div>\r\n                <\/div>\r\n                            <div class=\"grid-item col-xl-4 col-lg-4 col-md-6 col-sm-6 col-12 articles\">\r\n                    <div class=\"grid-item-inner \" data-wow-duration=\"1.2s\">\r\n                                                    <div class=\"item--featured\">\r\n                                <a href=\"https:\/\/www.practical-nobel.212-227-170-25.plesk.page\/?p=16285\"><img loading=\"lazy\" decoding=\"async\" class=\"no-lazyload \" src=\"https:\/\/www.practical-nobel.212-227-170-25.plesk.page\/wp-content\/uploads\/2024\/10\/immobilier-7-.jpg-67039d039cadd-1X0aSO-420x275.jpeg\" width=\"420\" height=\"275\" alt=\"Les dividendes issus de la vente de tous les actifs immobiliers d&#039;une SCI vont au nu-propri\u00e9taire\" title=\"Les dividendes issus de la vente de tous les actifs immobiliers d&#039;une SCI vont au nu-propri\u00e9taire\" \/><\/a>\r\n                                                                    <div class=\"item--category\">\r\n                                        <a href=\"https:\/\/www.practical-nobel.212-227-170-25.plesk.page\/?cat=1\" rel=\"tag\">Articles<\/a>                                    <\/div>\r\n                                                            <\/div>\r\n                        \r\n                        <div class=\"item--holder\">\r\n                                                            <ul class=\"item--meta ct-item-meta\">\r\n                                                                            <li class=\"item-author\">\r\n                                            By&nbsp;<a\r\n                                                    href=\"https:\/\/www.practical-nobel.212-227-170-25.plesk.page\/?author=1\">admin<\/a>\r\n                                        <\/li>\r\n                                                                                                                <li class=\"item-date\">\r\n                                            octobre 11, 2024                                        <\/li>\r\n                                                                    <\/ul>\r\n                                                        <h3 class=\"item--title\"><a\r\n                                        href=\"https:\/\/www.practical-nobel.212-227-170-25.plesk.page\/?p=16285\">Les dividendes issus de la vente de tous les actifs immobiliers d&#8217;une SCI vont au nu-propri\u00e9taire<\/a>\r\n                            <\/h3>\r\n                                                            <div class=\"item--content\">\r\n                                                                    <\/div>\r\n                                                                                        <div class=\"item--readmore\">\r\n                                    <a class=\"\" href=\"https:\/\/www.practical-nobel.212-227-170-25.plesk.page\/?p=16285\">\r\n                                    <span>Read more<\/span>\r\n                                    <\/a>\r\n                                <\/div>\r\n                                                    <\/div>\r\n                    <\/div>\r\n                <\/div>\r\n                                <div class=\"grid-sizer col-xl-4 col-lg-4 col-md-6 col-sm-6 col-12\"><\/div>\r\n            <\/div>\r\n            <div class=\"ct-grid-pagination\" data-loadmore=\"{&quot;startPage&quot;:1,&quot;maxPages&quot;:32,&quot;total&quot;:189,&quot;perpage&quot;:&quot;6&quot;,&quot;nextLink&quot;:&quot;https:\\\/\\\/www.practical-nobel.212-227-170-25.plesk.page\\\/index.php?rest_route=%2Fwp%2Fv2%2Fpages%2F96&#038;paged=2&quot;,&quot;source&quot;:&quot;&quot;,&quot;orderby&quot;:&quot;date&quot;,&quot;order&quot;:&quot;desc&quot;,&quot;limit&quot;:&quot;6&quot;,&quot;post_ids&quot;:&quot;&quot;,&quot;col_xl&quot;:4,&quot;col_lg&quot;:4,&quot;col_md&quot;:6,&quot;col_sm&quot;:6,&quot;col_xs&quot;:12,&quot;pagination_type&quot;:&quot;pagination&quot;,&quot;show_category&quot;:&quot;true&quot;,&quot;show_author&quot;:&quot;true&quot;,&quot;show_date&quot;:&quot;true&quot;,&quot;show_button&quot;:&quot;true&quot;,&quot;button_text&quot;:&quot;&quot;,&quot;show_excerpt&quot;:&quot;true&quot;,&quot;num_words&quot;:20,&quot;img_size&quot;:&quot;&quot;,&quot;grid_masonry&quot;:&quot;&quot;,&quot;ct_animate&quot;:&quot;&quot;,&quot;template_type&quot;:&quot;post_grid_layout1&quot;,&quot;tax&quot;:[&quot;category&quot;]}\" data-query=\"{&quot;post_type&quot;:&quot;post&quot;,&quot;post_status&quot;:&quot;publish&quot;,&quot;posts_per_page&quot;:6,&quot;order&quot;:&quot;desc&quot;,&quot;orderby&quot;:&quot;date&quot;,&quot;tax_query&quot;:{&quot;relation&quot;:&quot;OR&quot;},&quot;post__not_in&quot;:[96]}\">\r\n                    <nav class=\"ct-posts-pagination ajax\">\r\n            <div class=\"posts-page-links\">\r\n                <span aria-current=\"page\" class=\"page-numbers current\">1<\/span>\n<a class=\"page-numbers\" href=\"#2\">2<\/a>\n<span class=\"page-numbers dots\">\u2026<\/span>\n<a class=\"page-numbers\" href=\"#32\">32<\/a>\n<a class=\"next page-numbers\" href=\"#2\">next<\/a>            <\/div>\r\n        <\/nav>\r\n            <\/div>\r\n        <\/div>\t\t\t\t<\/div>\n\t\t\t\t<\/div>\n\t\t            <\/div>\n        <\/div>\n                    <\/div>\n        <\/section>\n        \t\t<\/div>\n\t\t","protected":false},"excerpt":{"rendered":"<p>blog Conseils et actualit\u00e9s. d\u00e9couvrez toutes nosConseils et actualit\u00e9sli\u00e9es au domaine du notariat Tous By&nbsp;admin f\u00e9vrier 18, 2025 Publication Index \u00e9galit\u00e9 F\/H 2025 Excen Gardanne Read more Tous By&nbsp;admin f\u00e9vrier 6, 2025 LES PRINCIPALES MESURES FISCALES DE LA LOI DE FINANCES POUR 2025 Read more Tous By&nbsp;admin d\u00e9cembre 16, 2024 Soci\u00e9t\u00e9 civile : op\u00e9rations d&rsquo;achat-revente [&hellip;]<\/p>\n","protected":false},"author":1,"featured_media":0,"parent":0,"menu_order":0,"comment_status":"closed","ping_status":"closed","template":"","meta":{"_acf_changed":false,"footnotes":""},"office":[],"class_list":["post-96","page","type-page","status-publish","hentry"],"acf":[],"_links":{"self":[{"href":"https:\/\/www.practical-nobel.212-227-170-25.plesk.page\/index.php?rest_route=\/wp\/v2\/pages\/96","targetHints":{"allow":["GET"]}}],"collection":[{"href":"https:\/\/www.practical-nobel.212-227-170-25.plesk.page\/index.php?rest_route=\/wp\/v2\/pages"}],"about":[{"href":"https:\/\/www.practical-nobel.212-227-170-25.plesk.page\/index.php?rest_route=\/wp\/v2\/types\/page"}],"author":[{"embeddable":true,"href":"https:\/\/www.practical-nobel.212-227-170-25.plesk.page\/index.php?rest_route=\/wp\/v2\/users\/1"}],"replies":[{"embeddable":true,"href":"https:\/\/www.practical-nobel.212-227-170-25.plesk.page\/index.php?rest_route=%2Fwp%2Fv2%2Fcomments&post=96"}],"version-history":[{"count":3,"href":"https:\/\/www.practical-nobel.212-227-170-25.plesk.page\/index.php?rest_route=\/wp\/v2\/pages\/96\/revisions"}],"predecessor-version":[{"id":20124,"href":"https:\/\/www.practical-nobel.212-227-170-25.plesk.page\/index.php?rest_route=\/wp\/v2\/pages\/96\/revisions\/20124"}],"wp:attachment":[{"href":"https:\/\/www.practical-nobel.212-227-170-25.plesk.page\/index.php?rest_route=%2Fwp%2Fv2%2Fmedia&parent=96"}],"wp:term":[{"taxonomy":"office","embeddable":true,"href":"https:\/\/www.practical-nobel.212-227-170-25.plesk.page\/index.php?rest_route=%2Fwp%2Fv2%2Foffice&post=96"}],"curies":[{"name":"wp","href":"https:\/\/api.w.org\/{rel}","templated":true}]}}